{"id":3335,"date":"2022-06-29T10:13:40","date_gmt":"2022-06-29T08:13:40","guid":{"rendered":"https:\/\/www.generationsanstabac.org\/conditions-generales-dutilisation\/"},"modified":"2024-08-07T00:07:43","modified_gmt":"2024-08-06T22:07:43","slug":"conditions-generales-dutilisation","status":"publish","type":"page","link":"https:\/\/www.generationsanstabac.org\/fr\/conditions-generales-dutilisation\/","title":{"rendered":"Conditions G\u00e9n\u00e9rales d&rsquo;utilisation"},"content":{"rendered":"<h2><strong>ARTICLE 1. INFORMATIONS L\u00c9GALES<\/strong><\/h2>\n<p>En vertu de l\u2019article 6 de la Loi n\u00b0 2004-575 du 21 juin 2004 pour la confiance dans l\u2019\u00e9conomie num\u00e9rique, il est pr\u00e9cis\u00e9 dans cet article l\u2019identit\u00e9 des diff\u00e9rents intervenants dans le cadre de sa r\u00e9alisation et de son suivi.<\/p>\n<p>Le site <strong>WEBSITE<\/strong> est \u00e9dit\u00e9 par : <strong>Web Studios<\/strong>, domicili\u00e9(e) \u00e0 l\u2019adresse suivante :<\/p>\n<p>11 rue d\u2019Orfeuil \u2013 28100 DREUX<\/p>\n<p>T\u00e9l\u00e9phone : 02 43 86 03 72 \/ Adresse e-mail : <a href=\"mailto:contact@web-studios.fr\">contact@web-studios.fr<\/a><br \/>\nLe directeur de publication du site est : Nicolas SANCHEZ.<br \/>\nLe site <strong>WEBSITE<\/strong> est h\u00e9berg\u00e9 par :<\/p>\n<p>Web Studios via OVH, dont le si\u00e8ge est situ\u00e9 \u00e0 l\u2019adresse ci-apr\u00e8s :<\/p>\n<p>2 rue Kellermann \u2013 59100 Roubaix \u2013 France<\/p>\n<p>Num\u00e9ro de t\u00e9l\u00e9phone : 09 72 10 10 07<\/p>\n<h2><strong><br \/>\nARTICLE 2. PR\u00c9SENTATION DU SITE<\/strong><\/h2>\n<p>Le site <strong>WEBSITE<\/strong> a pour objet :<\/p>\n<ul>\n<li>D\u2019informer les internautes sur l\u2019actualit\u00e9 de CLIENT<\/li>\n<li>D\u2019informer les internautes sur les services et prestations propos\u00e9s par CLIENT<\/li>\n<li>De permettre de contacter CLIENT<\/li>\n<\/ul>\n<h2><strong><br \/>\nARTICLE 3. CONTACT<\/strong><\/h2>\n<p>Pour toute question ou demande d\u2019information concernant le site, ou tout signalement de contenu ou d\u2019activit\u00e9s illicites, l\u2019utilisateur peut contacter l\u2019\u00e9diteur \u00e0 l\u2019adresse e-mail suivante : EMAIL ou adresser un courrier recommand\u00e9 avec accus\u00e9 de r\u00e9ception \u00e0 : COMPANY \u2013 ADDRESS<\/p>\n<h2><strong><br \/>\nARTICLE 4. ACCEPTATION DES CONDITIONS D\u2019UTILISATION<\/strong><\/h2>\n<p>L\u2019acc\u00e8s et l\u2019utilisation du site sont soumis \u00e0 l\u2019acceptation et au respect des pr\u00e9sentes Conditions G\u00e9n\u00e9rales d\u2019Utilisation.<\/p>\n<p>L\u2019\u00e9diteur se r\u00e9serve le droit de modifier, \u00e0 tout moment et sans pr\u00e9avis, le site et des services ainsi que les pr\u00e9sentes CGU, notamment pour s\u2019adapter aux \u00e9volutions du site par la mise \u00e0 disposition de nouvelles fonctionnalit\u00e9s ou la suppression ou la modification de fonctionnalit\u00e9s existantes.<\/p>\n<p>Il est donc conseill\u00e9 \u00e0 l\u2019utilisateur de se r\u00e9f\u00e9rer avant toute navigation \u00e0 la derni\u00e8re version des CGU, accessible \u00e0 tout moment sur le site. En cas de d\u00e9saccord avec les CGU, aucun usage du site ne saurait \u00eatre effectu\u00e9 par l\u2019utilisateur.<\/p>\n<h2><strong><br \/>\nARTICLE 5. ACC\u00c8S ET NAVIGATION<\/strong><\/h2>\n<p>L\u2019acc\u00e8s au site et son utilisation sont r\u00e9serv\u00e9s aux personnes majeures. L\u2019\u00e9diteur sera en droit de demander une justification de l\u2019\u00e2ge de l\u2019utilisateur, et ce par tout moyen.<\/p>\n<p>L\u2019\u00e9diteur met en \u0153uvre les solutions techniques \u00e0 sa disposition pour permettre l\u2019acc\u00e8s au site 24 heures sur 24, 7 jours sur 7. Il pourra n\u00e9anmoins \u00e0 tout moment suspendre, limiter ou interrompre l\u2019acc\u00e8s au site ou \u00e0 certaines pages de celui-ci afin de proc\u00e9der \u00e0 des mises \u00e0 jour, des modifications de son contenu ou tout autre action jug\u00e9e n\u00e9cessaire au bon fonctionnement du site.<\/p>\n<p>La connexion et la navigation sur le site <strong>WEBSITE<\/strong> valent acceptation sans r\u00e9serve des pr\u00e9sentes Conditions G\u00e9n\u00e9rales d\u2019Utilisation, quelques soient les moyens techniques d\u2019acc\u00e8s et les terminaux utilis\u00e9s.<\/p>\n<p>Les pr\u00e9sentes CGU s\u2019appliquent, en tant que de besoin, \u00e0 toute d\u00e9clinaison ou extension du site sur les r\u00e9seaux sociaux et\/ou communautaires existants ou \u00e0 venir.<\/p>\n<h2><strong><br \/>\nARTICLE 6. GESTION DU SITE<\/strong><\/h2>\n<p>Pour la bonne gestion du site, l\u2019\u00e9diteur pourra \u00e0 tout moment :<\/p>\n<ul>\n<li>Suspendre, interrompre ou limiter l\u2019acc\u00e8s \u00e0 tout ou partie du site, r\u00e9server l\u2019acc\u00e8s au site, ou \u00e0 certaines parties du site, \u00e0 une cat\u00e9gorie d\u00e9termin\u00e9e d\u2019internaute ;<\/li>\n<li>Supprimer toute information pouvant en perturber le fonctionnement ou entrant en contravention avec les lois nationales ou internationales, ou avec les r\u00e8gles de la N\u00e9tiquette ;<\/li>\n<li>Suspendre le site afin de proc\u00e9der \u00e0 des mises \u00e0 jour.<\/li>\n<\/ul>\n<h2><strong><br \/>\nARTICLE 7. SERVICES R\u00c9SERV\u00c9S AUX UTILISATEURS INSCRITS<\/strong><\/h2>\n<ol>\n<li>\n<h3>INSCRIPTION<\/h3>\n<\/li>\n<\/ol>\n<p>L\u2019acc\u00e8s \u00e0 certains services et notamment \u00e0 tous les services payants, est conditionn\u00e9 par l\u2019inscription de l\u2019utilisateur.<\/p>\n<p>L\u2019inscription et l\u2019acc\u00e8s aux services du site sont r\u00e9serv\u00e9s exclusivement aux personnes physiques majeures capables, ayant rempli et valid\u00e9 le formulaire d\u2019inscription disponible en ligne sur le site <strong>WEBSITE<\/strong>, ainsi que les pr\u00e9sentes Conditions G\u00e9n\u00e9rales d\u2019Utilisation.<\/p>\n<p>Lors de son inscription, l\u2019utilisateur s\u2019engage \u00e0 fournir des informations exactes, sinc\u00e8res et \u00e0 jour sur sa personne et son \u00e9tat civil. L\u2019utilisateur devra en outre proc\u00e9der \u00e0 une v\u00e9rification r\u00e9guli\u00e8re des donn\u00e9es le concernant afin d\u2019en conserver l\u2019exactitude.<\/p>\n<p>L\u2019utilisateur doit ainsi fournir imp\u00e9rativement une adresse e-mail valide, sur laquelle le site lui adressera une confirmation de son inscription \u00e0 ses services. Une adresse de messagerie \u00e9lectronique ne peut \u00eatre utilis\u00e9e plusieurs fois pour s\u2019inscrire aux services.<\/p>\n<p>Toute communication r\u00e9alis\u00e9e par <strong>CLIENT<\/strong> et ses partenaires est en cons\u00e9quence r\u00e9put\u00e9e avoir \u00e9t\u00e9 r\u00e9ceptionn\u00e9e et lue par l\u2019utilisateur. Ce dernier s\u2019engage donc \u00e0 consulter r\u00e9guli\u00e8rement les messages re\u00e7us sur cette adresse e-mail et \u00e0 r\u00e9pondre dans un d\u00e9lai raisonnable si cela est n\u00e9cessaire.<\/p>\n<p>Une seule inscription aux services du site est admise par personne physique.<\/p>\n<p>L\u2019utilisateur se voit attribuer un identifiant lui permettant d\u2019acc\u00e9der \u00e0 un espace dont l\u2019acc\u00e8s lui est r\u00e9serv\u00e9 (ci-apr\u00e8s \u00ab Espace personnel \u00bb), en compl\u00e9ment de la saisie de son mot de passe.<\/p>\n<p>L\u2019identifiant et le mot de passe sont modifiables en ligne par l\u2019utilisateur dans son Espace personnel. Le mot de passe est personnel et confidentiel, l\u2019utilisateur s\u2019engage ainsi \u00e0 ne pas le communiquer \u00e0 des tiers.<\/p>\n<p><strong>CLIENT<\/strong> se r\u00e9serve en tout \u00e9tat de cause la possibilit\u00e9 de refuser une demande d\u2019inscription aux services en cas de non-respect par l\u2019utilisateur des dispositions des pr\u00e9sentes Conditions G\u00e9n\u00e9rales d\u2019Utilisation.<\/p>\n<ol start=\"2\">\n<li>\n<h3>D\u00c9SINSCRIPTION<\/h3>\n<\/li>\n<\/ol>\n<p>L\u2019utilisateur r\u00e9guli\u00e8rement inscrit pourra \u00e0 tout moment demander sa d\u00e9sinscription en se rendant sur la page d\u00e9di\u00e9e dans son Espace personnel. Toute d\u00e9sinscription du site sera effective imm\u00e9diatement apr\u00e8s que l\u2019utilisateur ait rempli le formulaire pr\u00e9vu \u00e0 cet effet.<\/p>\n<h2><strong><br \/>\nARTICLE 8. RESPONSABILIT\u00c9S<\/strong><\/h2>\n<p>L\u2019\u00e9diteur n\u2019est responsable que du contenu qu\u2019il a lui-m\u00eame \u00e9dit\u00e9.<\/p>\n<p>L\u2019\u00e9diteur n\u2019est pas responsable :<\/p>\n<ul>\n<li>En cas de probl\u00e9matiques ou d\u00e9faillances techniques, informatiques ou de compatibilit\u00e9 du site avec un mat\u00e9riel ou logiciel quel qu\u2019il soit ;<\/li>\n<li>Des dommages directs ou indirects, mat\u00e9riels ou immat\u00e9riels, pr\u00e9visibles ou impr\u00e9visibles r\u00e9sultant de l\u2019utilisation ou des difficult\u00e9s d\u2019utilisation du site ou de ses services ;<\/li>\n<li>Des caract\u00e9ristiques intrins\u00e8ques de l\u2019Internet, notamment celles relatives au manque de fiabilit\u00e9 et au d\u00e9faut de s\u00e9curisation des informations y circulant ;<\/li>\n<li>Des contenus ou activit\u00e9s illicites utilisant son site et ce, sans qu\u2019il en ait pris d\u00fbment connaissance au sens de la Loi n\u00b0 2004-575 du 21 juin 2004 pour la confiance dans l\u2019\u00e9conomie num\u00e9rique et la Loi n\u00b02004-801 du 6 ao\u00fbt 2004 relative \u00e0 la protection des personnes physiques \u00e0 l\u2019\u00e9gard de traitement de donn\u00e9es \u00e0 caract\u00e8re personnel.<\/li>\n<\/ul>\n<p>Par ailleurs, le site ne saurait garantir l\u2019exactitude, la compl\u00e9tude, et l\u2019actualit\u00e9 des informations qui y sont diffus\u00e9es.<\/p>\n<p>L\u2019utilisateur est responsable :<\/p>\n<ul>\n<li>De la protection de son mat\u00e9riel et de ses donn\u00e9es ;<\/li>\n<li>De l\u2019utilisation qu\u2019il fait du site ou de ses services ;<\/li>\n<li>S\u2019il ne respecte ni la lettre, ni l\u2019esprit des pr\u00e9sentes CGU.<\/li>\n<\/ul>\n<h2><strong><br \/>\nARTICLE 9. LIENS HYPERTEXTES<\/strong><\/h2>\n<p>Le site peut contenir des liens hypertextes pointant vers d\u2019autres sites internet sur lesquels <strong>CLIENT<\/strong> n\u2019exerce pas de contr\u00f4le. Malgr\u00e9 les v\u00e9rifications pr\u00e9alables et r\u00e9guli\u00e8res r\u00e9alis\u00e9s par l\u2019\u00e9diteur, celui-ci d\u00e9cline tout responsabilit\u00e9 quant aux contenus qu\u2019il est possible de trouver sur ces sites.<\/p>\n<p>L\u2019\u00e9diteur autorise la mise en place de liens hypertextes vers toute page ou document de son site sous r\u00e9serve que la mise en place de ces liens ne soit pas r\u00e9alis\u00e9e \u00e0 des fins commerciales ou publicitaires.<\/p>\n<p>En outre, l\u2019information pr\u00e9alable de l\u2019\u00e9diteur du site est n\u00e9cessaire avant toute mise en place de lien hypertexte.<\/p>\n<p>Sont exclus de cette autorisation les sites diffusant des informations \u00e0 caract\u00e8re illicite, violent, pol\u00e9mique, pornographique, x\u00e9nophobe ou pouvant porter atteinte \u00e0 la sensibilit\u00e9 du plus grand nombre.<\/p>\n<p>Enfin, <strong>CLIENT<\/strong> se r\u00e9serve le droit de faire supprimer \u00e0 tout moment un lien hypertexte pointant vers son site, si le site l\u2019estime non conforme \u00e0 sa politique \u00e9ditoriale.<\/p>\n<p><strong> <\/strong><\/p>\n<h2><strong>ARTICLE 10. PROPRI\u00c9T\u00c9 INTELLECTUELLE<\/strong><\/h2>\n<p>La structuration du site mais aussi les textes, graphiques, images, photographies, sons, vid\u00e9os et applications informatiques qui le composent sont la propri\u00e9t\u00e9 de l\u2019\u00e9diteur et sont prot\u00e9g\u00e9s comme tels par les lois en vigueur au titre de la propri\u00e9t\u00e9 intellectuelle.<\/p>\n<p>Toute repr\u00e9sentation, reproduction, adaptation ou exploitation partielle ou totale des contenus, marques d\u00e9pos\u00e9es et services propos\u00e9s par le site, par quelque proc\u00e9d\u00e9 que ce soit, sans l\u2019autorisation pr\u00e9alable, expresse et \u00e9crite de l\u2019\u00e9diteur, est strictement interdite et serait susceptible de constituer une contrefa\u00e7on au sens des articles L. 335-2 et suivants du Code de la propri\u00e9t\u00e9 intellectuelle. Et ce, \u00e0 l\u2019exception des \u00e9l\u00e9ments express\u00e9ment d\u00e9sign\u00e9s comme libres de droits sur le site.<\/p>\n<p>L\u2019acc\u00e8s au site ne vaut pas reconnaissance d\u2019un droit et, de mani\u00e8re g\u00e9n\u00e9rale, ne conf\u00e8re aucun droit de propri\u00e9t\u00e9 intellectuelle relatif \u00e0 un \u00e9l\u00e9ment du site, lesquels restent la propri\u00e9t\u00e9 exclusive de l\u2019\u00e9diteur.<\/p>\n<p>Il est interdit \u00e0 l\u2019utilisateur d\u2019introduire des donn\u00e9es sur le site qui modifieraient ou qui seraient susceptibles d\u2019en modifier le contenu ou l\u2019apparence.<\/p>\n<h2><strong><br \/>\nARTICLE 13. LOI APPLICABLE ET JURIDICTION COMP\u00c9TENTE<\/strong><\/h2>\n<p>Les pr\u00e9sentes Conditions G\u00e9n\u00e9rales d\u2019Utilisation sont r\u00e9gies par la loi fran\u00e7aise. En cas de diff\u00e9rend et \u00e0 d\u00e9faut d\u2019accord amiable, le litige sera port\u00e9 devant les tribunaux fran\u00e7ais conform\u00e9ment aux r\u00e8gles de comp\u00e9tence en vigueur.<\/p>\n<p><em>Le site <strong>WEBSITE<\/strong> vous souhaite une excellente navigation !<\/em><\/p>\n","protected":false},"excerpt":{"rendered":"<p>ARTICLE 1. INFORMATIONS L\u00c9GALES En vertu de l\u2019article 6 de la Loi n\u00b0 2004-575 du 21 juin 2004 pour la confiance dans l\u2019\u00e9conomie num\u00e9rique, il est pr\u00e9cis\u00e9 dans cet article l\u2019identit\u00e9 des diff\u00e9rents intervenants dans le cadre de sa r\u00e9alisation et de son suivi. Le site WEBSITE est \u00e9dit\u00e9 par : Web Studios, domicili\u00e9(e) \u00e0 [&hellip;]<\/p>\n","protected":false},"author":1,"featured_media":0,"parent":0,"menu_order":0,"comment_status":"closed","ping_status":"closed","template":"template-rgpd.php","meta":{"_acf_changed":false,"_seopress_robots_primary_cat":"","_seopress_titles_title":"","_seopress_titles_desc":"","_seopress_robots_index":"yes","footnotes":""},"class_list":["post-3335","page","type-page","status-publish","hentry"],"acf":[],"_links":{"self":[{"href":"https:\/\/www.generationsanstabac.org\/fr\/wp-json\/wp\/v2\/pages\/3335","targetHints":{"allow":["GET"]}}],"collection":[{"href":"https:\/\/www.generationsanstabac.org\/fr\/wp-json\/wp\/v2\/pages"}],"about":[{"href":"https:\/\/www.generationsanstabac.org\/fr\/wp-json\/wp\/v2\/types\/page"}],"author":[{"embeddable":true,"href":"https:\/\/www.generationsanstabac.org\/fr\/wp-json\/wp\/v2\/users\/1"}],"replies":[{"embeddable":true,"href":"https:\/\/www.generationsanstabac.org\/fr\/wp-json\/wp\/v2\/comments?post=3335"}],"version-history":[{"count":0,"href":"https:\/\/www.generationsanstabac.org\/fr\/wp-json\/wp\/v2\/pages\/3335\/revisions"}],"wp:attachment":[{"href":"https:\/\/www.generationsanstabac.org\/fr\/wp-json\/wp\/v2\/media?parent=3335"}],"curies":[{"name":"wp","href":"https:\/\/api.w.org\/{rel}","templated":true}]}}