{"id":3333,"date":"2022-07-08T11:12:41","date_gmt":"2022-07-08T09:12:41","guid":{"rendered":"https:\/\/www.generationsanstabac.org\/mentions-legales\/"},"modified":"2024-08-07T00:09:42","modified_gmt":"2024-08-06T22:09:42","slug":"mentions-legales","status":"publish","type":"page","link":"https:\/\/www.generationsanstabac.org\/fr\/mentions-legales\/","title":{"rendered":"Mentions l\u00e9gales"},"content":{"rendered":"<p>Conform\u00e9ment aux dispositions des Articles 6-III et 19 de la Loi n\u00b02004-575 du 21 juin 2004 pour la Confiance dans l\u2019\u00e9conomie num\u00e9rique, dite L.C.E.N., il est port\u00e9 \u00e0 la connaissance des utilisateurs et visiteurs du site CLIENT les pr\u00e9sentes mentions l\u00e9gales.<\/p>\n<p>Le site CLIENT est accessible \u00e0 l\u2019adresse suivante : WEBSITE (ci-apr\u00e8s \u00ab le Site \u00bb). L\u2019acc\u00e8s et l\u2019utilisation du Site sont soumis aux pr\u00e9sentes  \u00bb Mentions l\u00e9gales \u00bb d\u00e9taill\u00e9es ci-apr\u00e8s ainsi qu\u2019aux lois et\/ou r\u00e8glements applicables.<br \/>\nLa connexion, l\u2019utilisation et l\u2019acc\u00e8s \u00e0 ce Site impliquent l\u2019acceptation int\u00e9grale et sans r\u00e9serve de l\u2019internaute de toutes les dispositions des pr\u00e9sentes Mentions L\u00e9gales.<\/p>\n<h2>ARTICLE 1 \u2013 INFORMATIONS L\u00c9GALES<\/h2>\n<p>En vertu de l\u2019Article 6 de la Loi n\u00b0 2004-575 du 21 juin 2004 pour la confiance dans l\u2019\u00e9conomie num\u00e9rique, il est pr\u00e9cis\u00e9 dans cet article l\u2019identit\u00e9 des diff\u00e9rents intervenants dans le cadre de sa r\u00e9alisation et de son suivi.<\/p>\n<h3>A. \u00c9diteur du site<\/h3>\n<p>Le site CLIENT est \u00e9dit\u00e9 par :<br \/>\nWEB STUDIOS SARL<br \/>\nayant son si\u00e8ge social \u00e0 l\u2019adresse suivante : 11 rue d\u2019Orfeuil \u2013 28100 DREUX, et immatricul\u00e9e au RCS de Chartres sous le num\u00e9ro SIRET suivant : 804590487 00018.<br \/>\nT\u00e9l\u00e9phone : 02 46 83 03 72<br \/>\nAdresse e-mail : contact@web-studios.fr<br \/>\nci-apr\u00e8s  \u00bb l\u2019\u00c9diteur  \u00bb<\/p>\n<h3>B. Directeur de publication<\/h3>\n<p>Le Directeur de publication est :<br \/>\nYves MARTINET &#8211; Pr\u00e9sident du CNCT<br \/>\nAdresse e-mail de contact : cnct@cnct.fr<br \/>\nci-apr\u00e8s  \u00bb le Directeur de publication  \u00bb<\/p>\n<h3>C. H\u00e9bergeur du site<\/h3>\n<p>Le site CLIENT est h\u00e9berg\u00e9 par :<br \/>\nWEB STUDIOS SARL via OVH<br \/>\ndont le si\u00e8ge est situ\u00e9 \u00e0 l\u2019adresse suivante : 11 rue d\u2019Orfeuil \u2013 28100 DREUX<br \/>\nT\u00e9l\u00e9phone : 02 46 83 03 72<br \/>\nAdresse e-mail : contact@web-studios.fr<br \/>\nci-apr\u00e8s  \u00bb l\u2019H\u00e9bergeur  \u00bb<\/p>\n<h3>D. Utilisateurs<\/h3>\n<p>Sont consid\u00e9r\u00e9s comme utilisateurs tous les internautes qui naviguent, lisent, visionnent et utilisent le site CLIENT.<br \/>\nci-apr\u00e8s les  \u00bb Utilisateurs  \u00bb<\/p>\n<h2>ARTICLE 2 \u2013 ACCESSIBILIT\u00c9<\/h2>\n<p>Le Site est par principe accessible aux Utilisateurs 24\/24h et 7\/7j, sauf interruption, programm\u00e9e ou non, pour des besoins de maintenance ou en cas de force majeure.<br \/>\nEn cas d\u2019impossibilit\u00e9 d\u2019acc\u00e8s au Site, celui-ci s\u2019engage \u00e0 faire son maximum afin d\u2019en r\u00e9tablir l\u2019acc\u00e8s. Le Site ne saurait \u00eatre tenu pour responsable de tout dommage, quelle qu\u2019en soit la nature, r\u00e9sultant de son indisponibilit\u00e9.<\/p>\n<h2>ARTICLE 3 \u2013 LOI APPLICABLE ET JURIDICTION<\/h2>\n<p>Les pr\u00e9sentes Mentions L\u00e9gales sont r\u00e9gies par la loi fran\u00e7aise. En cas de diff\u00e9rend et \u00e0 d\u00e9faut d\u2019accord amiable, le litige sera port\u00e9 devant les tribunaux fran\u00e7ais conform\u00e9ment aux r\u00e8gles de comp\u00e9tence en vigueur.<\/p>\n<h2>ARTICLE 4 \u2013 CONTACT<\/h2>\n<p>Pour tout signalement de contenus ou d\u2019activit\u00e9s illicites, l\u2019Utilisateur peut contacter l\u2019\u00c9diteur \u00e0 l\u2019adresse suivante : EMAIL, ou par courrier recommand\u00e9 avec accus\u00e9 de r\u00e9ception adress\u00e9 \u00e0 l\u2019\u00c9diteur aux coordonn\u00e9es pr\u00e9cis\u00e9es dans les pr\u00e9sentes mentions l\u00e9gales.<\/p>\n<p>Le site CLIENT vous souhaite une excellente navigation !<\/p>\n","protected":false},"excerpt":{"rendered":"<p>Conform\u00e9ment aux dispositions des Articles 6-III et 19 de la Loi n\u00b02004-575 du 21 juin 2004 pour la Confiance dans l\u2019\u00e9conomie num\u00e9rique, dite L.C.E.N., il est port\u00e9 \u00e0 la connaissance des utilisateurs et visiteurs du site CLIENT les pr\u00e9sentes mentions l\u00e9gales. Le site CLIENT est accessible \u00e0 l\u2019adresse suivante : WEBSITE (ci-apr\u00e8s \u00ab le Site [&hellip;]<\/p>\n","protected":false},"author":1,"featured_media":0,"parent":0,"menu_order":0,"comment_status":"closed","ping_status":"closed","template":"template-rgpd.php","meta":{"_acf_changed":false,"_seopress_robots_primary_cat":"","_seopress_titles_title":"","_seopress_titles_desc":"","_seopress_robots_index":"yes","footnotes":""},"class_list":["post-3333","page","type-page","status-publish","hentry"],"acf":[],"_links":{"self":[{"href":"https:\/\/www.generationsanstabac.org\/fr\/wp-json\/wp\/v2\/pages\/3333","targetHints":{"allow":["GET"]}}],"collection":[{"href":"https:\/\/www.generationsanstabac.org\/fr\/wp-json\/wp\/v2\/pages"}],"about":[{"href":"https:\/\/www.generationsanstabac.org\/fr\/wp-json\/wp\/v2\/types\/page"}],"author":[{"embeddable":true,"href":"https:\/\/www.generationsanstabac.org\/fr\/wp-json\/wp\/v2\/users\/1"}],"replies":[{"embeddable":true,"href":"https:\/\/www.generationsanstabac.org\/fr\/wp-json\/wp\/v2\/comments?post=3333"}],"version-history":[{"count":0,"href":"https:\/\/www.generationsanstabac.org\/fr\/wp-json\/wp\/v2\/pages\/3333\/revisions"}],"wp:attachment":[{"href":"https:\/\/www.generationsanstabac.org\/fr\/wp-json\/wp\/v2\/media?parent=3333"}],"curies":[{"name":"wp","href":"https:\/\/api.w.org\/{rel}","templated":true}]}}