{"id":21843,"date":"2024-07-24T13:41:23","date_gmt":"2024-07-24T11:41:23","guid":{"rendered":"https:\/\/www.generationsanstabac.org\/?page_id=21843"},"modified":"2024-07-24T14:32:51","modified_gmt":"2024-07-24T12:32:51","slug":"plan-du-site","status":"publish","type":"page","link":"https:\/\/www.generationsanstabac.org\/fr\/plan-du-site\/","title":{"rendered":"Plan du Site"},"content":{"rendered":"\t\t<div data-elementor-type=\"wp-page\" data-elementor-id=\"21843\" class=\"elementor elementor-21843\" data-elementor-post-type=\"page\">\n\t\t\t\t<div class=\"elementor-element elementor-element-edde24a e-flex e-con-boxed e-con e-parent\" data-id=\"edde24a\" data-element_type=\"container\" data-e-type=\"container\">\n\t\t\t\t\t<div class=\"e-con-inner\">\n\t\t\t\t<div class=\"elementor-element elementor-element-2777004 elementor-widget elementor-widget-text-editor\" data-id=\"2777004\" data-element_type=\"widget\" data-e-type=\"widget\" data-widget_type=\"text-editor.default\">\n\t\t\t\t<div class=\"elementor-widget-container\">\n\t\t\t\t\t\t\t\t\t<ul id=\"menu-menu-principal-1\" class=\"menu\"><li class=\"menu-item menu-item-type-post_type menu-item-object-page menu-item-has-children menu-item-10084\"><a href=\"https:\/\/generationsanstabac.org\/\">G\u00e9n\u00e9ration Sans Tabac<\/a><br \/><ul class=\"sub-menu\"><li class=\"menu-item menu-item-type-post_type menu-item-object-page menu-item-10249\"><a href=\"\/actualite\/\">Actualit\u00e9s<\/a><br \/><ul class=\"sub-menu\"><li class=\"menu-item menu-item-type-post_type menu-item-object-page menu-item-16864\"><a href=\"\/thematique\/sante\/\">Sant\u00e9<\/a><\/li><\/ul><\/li><\/ul><ul class=\"sub-menu\"><li class=\"menu-item menu-item-type-post_type menu-item-object-page menu-item-has-children menu-item-2324\" style=\"list-style-type: none;\"><ul class=\"sub-menu\"><li class=\"menu-item menu-item-type-post_type menu-item-object-page menu-item-2325\"><a href=\"\/thematique\/lobby\/\">Lobby<\/a><\/li><li><a href=\"\/thematique\/marketing-publicite\/\">Marketing<\/a><\/li><li><a href=\"\/thematique\/environnement\/\">Environnement<\/a><\/li><li><a href=\"\/thematique\/nouveaux-produits\/\">Nouveaux Produits<\/a><\/li><li><a href=\"\/thematique\/politiques-publiques\/\">Politiques Publiques<\/a><\/li><li><a href=\"\/thematique\/justice\/\">Justice<\/a><\/li><li><a href=\"\/thematique\/marches-paralleles\/\">March\u00e9s Parall\u00e8les<\/a><\/li><\/ul><\/li><li><a href=\"\/decryptage\/\">D\u00e9cryptages<\/a><ul class=\"sub-menu\"><li><a href=\"\/categorie-decryptage\/sante\/\">Sant\u00e9<\/a><\/li><li class=\"menu-item menu-item-type-post_type menu-item-object-page menu-item-2325\"><a href=\"\/categorie-decryptage\/lobby\/\">Lobby<\/a><\/li><li><a href=\"\/categorie-decryptage\/marketing\/\">Marketing<\/a><\/li><li><a href=\"\/categorie-decryptage\/environnement\/\">Environnement<\/a><\/li><li><a href=\"\/categorie-decryptage\/nouveaux-produits\/\">Nouveaux Produits<\/a><\/li><li><a href=\"\/categorie-decryptage\/politique-publiques\/\">Politiques Publiques<\/a><\/li><li><a href=\"\/categorie-decryptage\/justice\/\">Justice<\/a><\/li><li><a href=\"\/categorie-decryptage\/marches-paralleles\/\">March\u00e9s Parall\u00e8les<\/a><\/li><\/ul><\/li><li><a href=\"\/fiche\/\">Fiches<\/a><br \/><ul class=\"sub-menu\"><li><a href=\"\/categorie-fiches\/sante-fiches\/\">Sant\u00e9<\/a><\/li><li class=\"menu-item menu-item-type-post_type menu-item-object-page menu-item-2325\"><a href=\"\/categorie-fiches\/lobby-fiches\/\">Lobby<\/a><\/li><li><a href=\"\/categorie-fiches\/marketing-fiches\/\">Marketing<\/a><\/li><li><a href=\"\/categorie-fiches\/environnement-fiches\/\">Environnement<\/a><\/li><li><a href=\"\/categorie-fiches\/nouveaux-produits-fiches\/\">Nouveaux Produits<\/a><\/li><li><a href=\"\/categorie-fiches\/politique-publiques-fiches\/\">Politiques Publiques<\/a><\/li><li><a href=\"\/categorie-fiches\/justice-fiches\/\">Justice<\/a><\/li><li><a href=\"\/categorie-fiches\/marches-paralleles-fiches\/\">March\u00e9s Parall\u00e8les<\/a><\/li><\/ul><\/li><li><a href=\"\/ressources\/\">Ressources<\/a><br \/><ul class=\"sub-menu\"><li class=\"menu-item menu-item-type-post_type menu-item-object-page menu-item-2332\"><a href=\"\/ressources\/nos-videos\/\">Nos Vid\u00e9os<\/a><\/li><li><a href=\"\/ressources\/nos-infographies\/\">Nos Infographies<\/a><\/li><\/ul><\/li><li><a href=\"\/qui-sommes-nous\/\">Qui sommes nous ?<\/a><\/li><li><a href=\"\/agenda\/\">Agenda<\/a><\/li><li><a href=\"\/moteur-de-recherche\/\">Moteur de recherche<\/a><\/li><\/ul><\/li><\/ul>\t\t\t\t\t\t\t\t<\/div>\n\t\t\t\t<\/div>\n\t\t\t\t\t<\/div>\n\t\t\t\t<\/div>\n\t\t\t\t<\/div>\n\t\t","protected":false},"excerpt":{"rendered":"<p>G\u00e9n\u00e9ration Sans Tabac Actualit\u00e9s Sant\u00e9 Lobby Marketing Environnement Nouveaux Produits Politiques Publiques Justice March\u00e9s Parall\u00e8les D\u00e9cryptages Sant\u00e9 Lobby Marketing Environnement Nouveaux Produits Politiques Publiques Justice March\u00e9s Parall\u00e8les Fiches Sant\u00e9 Lobby Marketing Environnement Nouveaux Produits Politiques Publiques Justice March\u00e9s Parall\u00e8les Ressources Nos Vid\u00e9os Nos Infographies Qui sommes nous ? Agenda Moteur de recherche<\/p>\n","protected":false},"author":1,"featured_media":0,"parent":0,"menu_order":0,"comment_status":"closed","ping_status":"closed","template":"","meta":{"_acf_changed":false,"_seopress_robots_primary_cat":"","_seopress_titles_title":"","_seopress_titles_desc":"","_seopress_robots_index":"","footnotes":""},"class_list":["post-21843","page","type-page","status-publish","hentry"],"acf":[],"_links":{"self":[{"href":"https:\/\/www.generationsanstabac.org\/fr\/wp-json\/wp\/v2\/pages\/21843","targetHints":{"allow":["GET"]}}],"collection":[{"href":"https:\/\/www.generationsanstabac.org\/fr\/wp-json\/wp\/v2\/pages"}],"about":[{"href":"https:\/\/www.generationsanstabac.org\/fr\/wp-json\/wp\/v2\/types\/page"}],"author":[{"embeddable":true,"href":"https:\/\/www.generationsanstabac.org\/fr\/wp-json\/wp\/v2\/users\/1"}],"replies":[{"embeddable":true,"href":"https:\/\/www.generationsanstabac.org\/fr\/wp-json\/wp\/v2\/comments?post=21843"}],"version-history":[{"count":0,"href":"https:\/\/www.generationsanstabac.org\/fr\/wp-json\/wp\/v2\/pages\/21843\/revisions"}],"wp:attachment":[{"href":"https:\/\/www.generationsanstabac.org\/fr\/wp-json\/wp\/v2\/media?parent=21843"}],"curies":[{"name":"wp","href":"https:\/\/api.w.org\/{rel}","templated":true}]}}