{"id":3333,"date":"2022-07-08T11:12:41","date_gmt":"2022-07-08T09:12:41","guid":{"rendered":"https:\/\/www.generationsanstabac.org\/mentions-legales\/"},"modified":"2024-08-07T00:09:42","modified_gmt":"2024-08-06T22:09:42","slug":"mentions-legales","status":"publish","type":"page","link":"https:\/\/www.generationsanstabac.org\/en\/mentions-legales\/","title":{"rendered":"Legal notices"},"content":{"rendered":"<p>In accordance with the provisions of Articles 6-III and 19 of Law No. 2004-575 of June 21, 2004 on Confidence in the Digital Economy, known as LCEN, users and visitors of the CLIENT site are hereby informed of the following legal notices.<\/p>\n<p>The CLIENT website is accessible at the following address: WEBSITE (hereinafter \u201cthe Site\u201d). Access to and use of the Site are subject to these \u201cLegal Notices\u201d detailed below as well as to applicable laws and\/or regulations.<br \/>\nConnection, use and access to this Site imply the Internet user&#039;s full and unreserved acceptance of all the provisions of these Legal Notices.<\/p>\n<h2>ARTICLE 1 \u2013 LEGAL INFORMATION<\/h2>\n<p>Pursuant to Article 6 of Law No. 2004-575 of June 21, 2004 on confidence in the digital economy, this article specifies the identity of the various parties involved in its implementation and monitoring.<\/p>\n<h3>A. Site Editor<\/h3>\n<p>The CLIENT site is published by:<br \/>\nWEB STUDIOS SARL<br \/>\nhaving its registered office at the following address: 11 rue d&#039;Orfeuil \u2013 28100 DREUX, and registered with the RCS of Chartres under the following SIRET number: 804590487 00018.<br \/>\nPhone: 02 46 83 03 72<br \/>\nEmail address: contact@web-studios.fr<br \/>\nhereinafter &quot;the Publisher&quot;<\/p>\n<h3>B. Publication Director<\/h3>\n<p>The Publication Director is:<br \/>\nYves MARTINET \u2013 President of the CNCT<br \/>\nContact email address: cnct@cnct.fr<br \/>\nhereinafter \u201cthe Publication Director\u201d<\/p>\n<h3>C. Site host<\/h3>\n<p>The CLIENT site is hosted by:<br \/>\nWEB STUDIOS SARL via OVH<br \/>\nwhose head office is located at the following address: 11 rue d&#039;Orfeuil \u2013 28100 DREUX<br \/>\nPhone: 02 46 83 03 72<br \/>\nEmail address: contact@web-studios.fr<br \/>\nhereinafter &quot;the Host&quot;<\/p>\n<h3>D. Users<\/h3>\n<p>All Internet users who browse, read, view and use the CLIENT site are considered users.<br \/>\nhereinafter the \u201cUsers\u201d<\/p>\n<h2>ARTICLE 2 \u2013 ACCESSIBILITY<\/h2>\n<p>The Site is in principle accessible to Users 24\/7, except for interruptions, scheduled or not, for maintenance needs or in the event of force majeure.<br \/>\nIn the event of inability to access the Site, the Site undertakes to do its utmost to restore access. The Site cannot be held responsible for any damage, whatever its nature, resulting from its unavailability.<\/p>\n<h2>ARTICLE 3 \u2013 APPLICABLE LAW AND JURISDICTION<\/h2>\n<p>These Legal Notices are governed by French law. In the event of a dispute and in the absence of an amicable agreement, the dispute will be brought before the French courts in accordance with the rules of jurisdiction in force.<\/p>\n<h2>ARTICLE 4 \u2013 CONTACT<\/h2>\n<p>To report any illegal content or activities, the User may contact the Publisher at the following address: EMAIL, or by registered letter with acknowledgment of receipt addressed to the Publisher at the contact details specified in this legal notice.<\/p>\n<p>The CLIENT site wishes you an excellent browsing experience!<\/p>","protected":false},"excerpt":{"rendered":"<p>Conform\u00e9ment aux dispositions des Articles 6-III et 19 de la Loi n\u00b02004-575 du 21 juin 2004 pour la Confiance dans l\u2019\u00e9conomie num\u00e9rique, dite L.C.E.N., il est port\u00e9 \u00e0 la connaissance des utilisateurs et visiteurs du site CLIENT les pr\u00e9sentes mentions l\u00e9gales. Le site CLIENT est accessible \u00e0 l\u2019adresse suivante : WEBSITE (ci-apr\u00e8s \u00ab le Site [&hellip;]<\/p>\n","protected":false},"author":1,"featured_media":0,"parent":0,"menu_order":0,"comment_status":"closed","ping_status":"closed","template":"template-rgpd.php","meta":{"_acf_changed":false,"_seopress_robots_primary_cat":"","_seopress_titles_title":"","_seopress_titles_desc":"","_seopress_robots_index":"yes","footnotes":""},"class_list":["post-3333","page","type-page","status-publish","hentry"],"acf":[],"_links":{"self":[{"href":"https:\/\/www.generationsanstabac.org\/en\/wp-json\/wp\/v2\/pages\/3333","targetHints":{"allow":["GET"]}}],"collection":[{"href":"https:\/\/www.generationsanstabac.org\/en\/wp-json\/wp\/v2\/pages"}],"about":[{"href":"https:\/\/www.generationsanstabac.org\/en\/wp-json\/wp\/v2\/types\/page"}],"author":[{"embeddable":true,"href":"https:\/\/www.generationsanstabac.org\/en\/wp-json\/wp\/v2\/users\/1"}],"replies":[{"embeddable":true,"href":"https:\/\/www.generationsanstabac.org\/en\/wp-json\/wp\/v2\/comments?post=3333"}],"version-history":[{"count":0,"href":"https:\/\/www.generationsanstabac.org\/en\/wp-json\/wp\/v2\/pages\/3333\/revisions"}],"wp:attachment":[{"href":"https:\/\/www.generationsanstabac.org\/en\/wp-json\/wp\/v2\/media?parent=3333"}],"curies":[{"name":"wp","href":"https:\/\/api.w.org\/{rel}","templated":true}]}}