{"id":21834,"date":"2024-07-23T13:41:23","date_gmt":"2024-07-23T11:41:23","guid":{"rendered":"https:\/\/www.generationsanstabac.org\/?page_id=21834"},"modified":"2024-08-07T00:03:46","modified_gmt":"2024-08-06T22:03:46","slug":"agenda","status":"publish","type":"page","link":"https:\/\/www.generationsanstabac.org\/en\/agenda\/","title":{"rendered":"Diary"},"content":{"rendered":"","protected":false},"excerpt":{"rendered":"","protected":false},"author":1,"featured_media":0,"parent":0,"menu_order":0,"comment_status":"closed","ping_status":"closed","template":"template-agenda.php","meta":{"_acf_changed":false,"_seopress_robots_primary_cat":"","_seopress_titles_title":"","_seopress_titles_desc":"D\u00e9couvrez tous les \u00e9v\u00e9nements \u00e0 venir dans notre agenda. Ne manquez pas les derni\u00e8res actualit\u00e9s et r\u00e9servez vos places d\u00e8s maintenant !","_seopress_robots_index":"","footnotes":""},"class_list":["post-21834","page","type-page","status-publish","hentry"],"acf":[],"_links":{"self":[{"href":"https:\/\/www.generationsanstabac.org\/en\/wp-json\/wp\/v2\/pages\/21834","targetHints":{"allow":["GET"]}}],"collection":[{"href":"https:\/\/www.generationsanstabac.org\/en\/wp-json\/wp\/v2\/pages"}],"about":[{"href":"https:\/\/www.generationsanstabac.org\/en\/wp-json\/wp\/v2\/types\/page"}],"author":[{"embeddable":true,"href":"https:\/\/www.generationsanstabac.org\/en\/wp-json\/wp\/v2\/users\/1"}],"replies":[{"embeddable":true,"href":"https:\/\/www.generationsanstabac.org\/en\/wp-json\/wp\/v2\/comments?post=21834"}],"version-history":[{"count":0,"href":"https:\/\/www.generationsanstabac.org\/en\/wp-json\/wp\/v2\/pages\/21834\/revisions"}],"wp:attachment":[{"href":"https:\/\/www.generationsanstabac.org\/en\/wp-json\/wp\/v2\/media?parent=21834"}],"curies":[{"name":"wp","href":"https:\/\/api.w.org\/{rel}","templated":true}]}}