{"id":21546,"date":"2024-07-12T16:54:01","date_gmt":"2024-07-12T14:54:01","guid":{"rendered":"https:\/\/www.generationsanstabac.org\/?page_id=21546"},"modified":"2024-08-07T00:05:03","modified_gmt":"2024-08-06T22:05:03","slug":"actualite","status":"publish","type":"page","link":"https:\/\/www.generationsanstabac.org\/en\/actualite\/","title":{"rendered":"The news"},"content":{"rendered":"","protected":false},"excerpt":{"rendered":"","protected":false},"author":2,"featured_media":0,"parent":0,"menu_order":0,"comment_status":"closed","ping_status":"closed","template":"archive-actualites.php","meta":{"_acf_changed":false,"_seopress_robots_primary_cat":"","_seopress_titles_title":"","_seopress_titles_desc":"Restez inform\u00e9 avec les derni\u00e8res nouvelles et mises \u00e0 jour. D\u00e9couvrez nos articles d'actualit\u00e9 et ne manquez rien des \u00e9v\u00e9nements importants !","_seopress_robots_index":"","footnotes":""},"class_list":["post-21546","page","type-page","status-publish","hentry"],"acf":[],"_links":{"self":[{"href":"https:\/\/www.generationsanstabac.org\/en\/wp-json\/wp\/v2\/pages\/21546","targetHints":{"allow":["GET"]}}],"collection":[{"href":"https:\/\/www.generationsanstabac.org\/en\/wp-json\/wp\/v2\/pages"}],"about":[{"href":"https:\/\/www.generationsanstabac.org\/en\/wp-json\/wp\/v2\/types\/page"}],"author":[{"embeddable":true,"href":"https:\/\/www.generationsanstabac.org\/en\/wp-json\/wp\/v2\/users\/2"}],"replies":[{"embeddable":true,"href":"https:\/\/www.generationsanstabac.org\/en\/wp-json\/wp\/v2\/comments?post=21546"}],"version-history":[{"count":0,"href":"https:\/\/www.generationsanstabac.org\/en\/wp-json\/wp\/v2\/pages\/21546\/revisions"}],"wp:attachment":[{"href":"https:\/\/www.generationsanstabac.org\/en\/wp-json\/wp\/v2\/media?parent=21546"}],"curies":[{"name":"wp","href":"https:\/\/api.w.org\/{rel}","templated":true}]}}